{"id":4584,"date":"2022-05-24T13:06:11","date_gmt":"2022-05-24T12:06:11","guid":{"rendered":"http:\/\/llwyn-yr-eos.ceredigion.sch.uk\/cms\/?page_id=4584"},"modified":"2022-05-25T10:17:41","modified_gmt":"2022-05-25T09:17:41","slug":"clybiau-allgyrsiol","status":"publish","type":"page","link":"https:\/\/llwyn-yr-eos.ceredigion.sch.uk\/cms\/cy\/about\/clybiau-allgyrsiol\/","title":{"rendered":"Clybiau Allgyrsiol"},"content":{"rendered":"<p><a href=\"http:\/\/llwyn-yr-eos.ceredigion.sch.uk\/cms\/wp-content\/uploads\/2022\/05\/Extra-Curricular-Clubs.docx\">Extra Curricular Clubs<\/a><\/p>\n<p>Mae yna wahanol glybiau chwaraeon a chrefftau amser cinio ac ar \u00f4l ysgol. Cliciwch ar y ddolen uchod i weld pryd maent yn digwydd. Holwch atrho eich plentyn cyn ymuno \u00e2<a href=\"http:\/\/llwyn-yr-eos.ceredigion.sch.uk\/cms\/wp-content\/uploads\/2022\/05\/Art.jpg\"><img loading=\"lazy\" decoding=\"async\" data-attachment-id=\"4619\" data-permalink=\"https:\/\/llwyn-yr-eos.ceredigion.sch.uk\/cms\/cy\/about\/clybiau-allgyrsiol\/art-2\/\" data-orig-file=\"https:\/\/llwyn-yr-eos.ceredigion.sch.uk\/cms\/wp-content\/uploads\/2022\/05\/Art.jpg\" data-orig-size=\"320,240\" data-comments-opened=\"0\" data-image-meta=\"{&quot;aperture&quot;:&quot;0&quot;,&quot;credit&quot;:&quot;&quot;,&quot;camera&quot;:&quot;&quot;,&quot;caption&quot;:&quot;&quot;,&quot;created_timestamp&quot;:&quot;0&quot;,&quot;copyright&quot;:&quot;&quot;,&quot;focal_length&quot;:&quot;0&quot;,&quot;iso&quot;:&quot;0&quot;,&quot;shutter_speed&quot;:&quot;0&quot;,&quot;title&quot;:&quot;&quot;,&quot;orientation&quot;:&quot;0&quot;}\" data-image-title=\"Art\" data-image-description=\"\" data-image-caption=\"\" data-large-file=\"https:\/\/llwyn-yr-eos.ceredigion.sch.uk\/cms\/wp-content\/uploads\/2022\/05\/Art.jpg\" class=\"wp-image-4619 alignright\" src=\"http:\/\/llwyn-yr-eos.ceredigion.sch.uk\/cms\/wp-content\/uploads\/2022\/05\/Art-300x225.jpg\" alt=\"\" width=\"214\" height=\"160\" srcset=\"https:\/\/llwyn-yr-eos.ceredigion.sch.uk\/cms\/wp-content\/uploads\/2022\/05\/Art-300x225.jpg 300w, https:\/\/llwyn-yr-eos.ceredigion.sch.uk\/cms\/wp-content\/uploads\/2022\/05\/Art-200x150.jpg 200w, https:\/\/llwyn-yr-eos.ceredigion.sch.uk\/cms\/wp-content\/uploads\/2022\/05\/Art.jpg 320w\" sizes=\"auto, (max-width: 214px) 100vw, 214px\" \/><\/a>'r clybiau.<\/p>\n<p>Os yw'ch plentyn yn ymuno ag un o'r clybiau chwaraeon, gwnewch yn si\u0175r ei fod yn gwisgo cit chwaraeon ac esgidiau addas.<a href=\"http:\/\/llwyn-yr-eos.ceredigion.sch.uk\/cms\/wp-content\/uploads\/2022\/05\/Rugby.jpg\"><img loading=\"lazy\" decoding=\"async\" data-attachment-id=\"4621\" data-permalink=\"https:\/\/llwyn-yr-eos.ceredigion.sch.uk\/cms\/cy\/about\/clybiau-allgyrsiol\/rugby-2\/\" data-orig-file=\"https:\/\/llwyn-yr-eos.ceredigion.sch.uk\/cms\/wp-content\/uploads\/2022\/05\/Rugby.jpg\" data-orig-size=\"1536,2048\" data-comments-opened=\"0\" data-image-meta=\"{&quot;aperture&quot;:&quot;0&quot;,&quot;credit&quot;:&quot;&quot;,&quot;camera&quot;:&quot;&quot;,&quot;caption&quot;:&quot;&quot;,&quot;created_timestamp&quot;:&quot;0&quot;,&quot;copyright&quot;:&quot;&quot;,&quot;focal_length&quot;:&quot;0&quot;,&quot;iso&quot;:&quot;0&quot;,&quot;shutter_speed&quot;:&quot;0&quot;,&quot;title&quot;:&quot;&quot;,&quot;orientation&quot;:&quot;0&quot;}\" data-image-title=\"Rugby\" data-image-description=\"\" data-image-caption=\"\" data-large-file=\"https:\/\/llwyn-yr-eos.ceredigion.sch.uk\/cms\/wp-content\/uploads\/2022\/05\/Rugby-768x1024.jpg\" class=\"wp-image-4621 alignleft\" src=\"http:\/\/llwyn-yr-eos.ceredigion.sch.uk\/cms\/wp-content\/uploads\/2022\/05\/Rugby-225x300.jpg\" alt=\"\" width=\"131\" height=\"175\" srcset=\"https:\/\/llwyn-yr-eos.ceredigion.sch.uk\/cms\/wp-content\/uploads\/2022\/05\/Rugby-225x300.jpg 225w, https:\/\/llwyn-yr-eos.ceredigion.sch.uk\/cms\/wp-content\/uploads\/2022\/05\/Rugby-768x1024.jpg 768w, https:\/\/llwyn-yr-eos.ceredigion.sch.uk\/cms\/wp-content\/uploads\/2022\/05\/Rugby-1152x1536.jpg 1152w, https:\/\/llwyn-yr-eos.ceredigion.sch.uk\/cms\/wp-content\/uploads\/2022\/05\/Rugby.jpg 1536w\" sizes=\"auto, (max-width: 131px) 100vw, 131px\" \/><\/a> <span class=\"Y2IQFc\" lang=\"cy\"><br \/>\n<\/span><\/p>\n<p style=\"text-align: center;\"><a href=\"http:\/\/llwyn-yr-eos.ceredigion.sch.uk\/cms\/wp-content\/uploads\/2022\/05\/Netball.jpg\"><img loading=\"lazy\" decoding=\"async\" data-attachment-id=\"4579\" data-permalink=\"https:\/\/llwyn-yr-eos.ceredigion.sch.uk\/cms\/cy\/about\/clybiau-allgyrsiol\/netball-2\/\" data-orig-file=\"https:\/\/llwyn-yr-eos.ceredigion.sch.uk\/cms\/wp-content\/uploads\/2022\/05\/Netball.jpg\" data-orig-size=\"675,900\" data-comments-opened=\"0\" data-image-meta=\"{&quot;aperture&quot;:&quot;0&quot;,&quot;credit&quot;:&quot;&quot;,&quot;camera&quot;:&quot;&quot;,&quot;caption&quot;:&quot;&quot;,&quot;created_timestamp&quot;:&quot;0&quot;,&quot;copyright&quot;:&quot;&quot;,&quot;focal_length&quot;:&quot;0&quot;,&quot;iso&quot;:&quot;0&quot;,&quot;shutter_speed&quot;:&quot;0&quot;,&quot;title&quot;:&quot;&quot;,&quot;orientation&quot;:&quot;0&quot;}\" data-image-title=\"Netball\" data-image-description=\"\" data-image-caption=\"\" data-large-file=\"https:\/\/llwyn-yr-eos.ceredigion.sch.uk\/cms\/wp-content\/uploads\/2022\/05\/Netball.jpg\" class=\"alignnone size-medium wp-image-4579\" src=\"http:\/\/llwyn-yr-eos.ceredigion.sch.uk\/cms\/wp-content\/uploads\/2022\/05\/Netball-225x300.jpg\" alt=\"\" width=\"225\" height=\"300\" srcset=\"https:\/\/llwyn-yr-eos.ceredigion.sch.uk\/cms\/wp-content\/uploads\/2022\/05\/Netball-225x300.jpg 225w, https:\/\/llwyn-yr-eos.ceredigion.sch.uk\/cms\/wp-content\/uploads\/2022\/05\/Netball.jpg 675w\" sizes=\"auto, (max-width: 225px) 100vw, 225px\" \/><\/a><\/p>\n","protected":false},"excerpt":{"rendered":"<p>Extra Curricular Clubs Mae yna wahanol glybiau chwaraeon a chrefftau amser cinio ac ar \u00f4l ysgol. Cliciwch ar y ddolen uchod i weld pryd maent yn digwydd. Holwch atrho eich plentyn cyn ymuno \u00e2'r clybiau. Os yw'ch plentyn yn ymuno ag un o'r clybiau chwaraeon, gwnewch yn si\u0175r ei fod yn gwisgo cit chwaraeon ac esgidiau addas.<\/p>\n","protected":false},"author":1,"featured_media":0,"parent":2602,"menu_order":0,"comment_status":"closed","ping_status":"closed","template":"","meta":{"jetpack_post_was_ever_published":false,"footnotes":""},"class_list":["post-4584","page","type-page","status-publish","hentry"],"jetpack_sharing_enabled":true,"jetpack_shortlink":"https:\/\/wp.me\/P9q3xc-1bW","_links":{"self":[{"href":"https:\/\/llwyn-yr-eos.ceredigion.sch.uk\/cms\/cy\/wp-json\/wp\/v2\/pages\/4584","targetHints":{"allow":["GET"]}}],"collection":[{"href":"https:\/\/llwyn-yr-eos.ceredigion.sch.uk\/cms\/cy\/wp-json\/wp\/v2\/pages"}],"about":[{"href":"https:\/\/llwyn-yr-eos.ceredigion.sch.uk\/cms\/cy\/wp-json\/wp\/v2\/types\/page"}],"author":[{"embeddable":true,"href":"https:\/\/llwyn-yr-eos.ceredigion.sch.uk\/cms\/cy\/wp-json\/wp\/v2\/users\/1"}],"replies":[{"embeddable":true,"href":"https:\/\/llwyn-yr-eos.ceredigion.sch.uk\/cms\/cy\/wp-json\/wp\/v2\/comments?post=4584"}],"version-history":[{"count":4,"href":"https:\/\/llwyn-yr-eos.ceredigion.sch.uk\/cms\/cy\/wp-json\/wp\/v2\/pages\/4584\/revisions"}],"predecessor-version":[{"id":4624,"href":"https:\/\/llwyn-yr-eos.ceredigion.sch.uk\/cms\/cy\/wp-json\/wp\/v2\/pages\/4584\/revisions\/4624"}],"up":[{"embeddable":true,"href":"https:\/\/llwyn-yr-eos.ceredigion.sch.uk\/cms\/cy\/wp-json\/wp\/v2\/pages\/2602"}],"wp:attachment":[{"href":"https:\/\/llwyn-yr-eos.ceredigion.sch.uk\/cms\/cy\/wp-json\/wp\/v2\/media?parent=4584"}],"curies":[{"name":"wp","href":"https:\/\/api.w.org\/{rel}","templated":true}]}}