{"id":4274,"date":"2022-05-23T10:16:19","date_gmt":"2022-05-23T09:16:19","guid":{"rendered":"http:\/\/llwyn-yr-eos.ceredigion.sch.uk\/cms\/?page_id=4274"},"modified":"2025-12-19T12:36:01","modified_gmt":"2025-12-19T12:36:01","slug":"aln","status":"publish","type":"page","link":"https:\/\/llwyn-yr-eos.ceredigion.sch.uk\/cms\/about\/aln\/","title":{"rendered":"ALN"},"content":{"rendered":"<p>Please contact us if you'd like more information regarding the sector leading additional\u00a0 needs provision at the school.<\/p>\n<p>&nbsp;<\/p>\n<p>Cysylltwch \u00e2 ni os hoffech gael rhagor o wybodaeth yngl\u0177n \u00e2\u2019r ddarpariaeth anghenion dysgu ychwanegol yn yr ysgol.<\/p>\n<p><a href=\"https:\/\/www.gov.wales\/additional-learning-needs-aln-parent-and-carers-toolkit\">Additional learning needs (ALN): parent and carers toolkit | GOV.WALES<\/a><\/p>\n<p><a href=\"https:\/\/www.llyw.cymru\/anghenion-dysgu-ychwanegol-pecyn-cymorth-rhieni-gofalwyr\">Anghenion dysgu ychwanegol: pecyn cymorth rhieni a gofalwyr | LLYW.CYMRU<\/a><\/p>\n<p>&nbsp;<\/p>\n","protected":false},"excerpt":{"rendered":"<p>Please contact us if you'd like more information regarding the sector leading additional\u00a0 needs provision at the school. &nbsp; Cysylltwch \u00e2 ni os hoffech gael rhagor o wybodaeth yngl\u0177n \u00e2\u2019r ddarpariaeth anghenion dysgu ychwanegol yn yr ysgol. Additional learning needs (ALN): parent and carers toolkit | GOV.WALES Anghenion dysgu ychwanegol: pecyn cymorth rhieni a gofalwyr | LLYW.CYMRU &nbsp;<\/p>\n","protected":false},"author":4,"featured_media":0,"parent":1797,"menu_order":0,"comment_status":"closed","ping_status":"closed","template":"","meta":{"jetpack_post_was_ever_published":false,"footnotes":""},"class_list":["post-4274","page","type-page","status-publish","hentry"],"jetpack_sharing_enabled":true,"jetpack_shortlink":"https:\/\/wp.me\/P9q3xc-16W","_links":{"self":[{"href":"https:\/\/llwyn-yr-eos.ceredigion.sch.uk\/cms\/wp-json\/wp\/v2\/pages\/4274","targetHints":{"allow":["GET"]}}],"collection":[{"href":"https:\/\/llwyn-yr-eos.ceredigion.sch.uk\/cms\/wp-json\/wp\/v2\/pages"}],"about":[{"href":"https:\/\/llwyn-yr-eos.ceredigion.sch.uk\/cms\/wp-json\/wp\/v2\/types\/page"}],"author":[{"embeddable":true,"href":"https:\/\/llwyn-yr-eos.ceredigion.sch.uk\/cms\/wp-json\/wp\/v2\/users\/4"}],"replies":[{"embeddable":true,"href":"https:\/\/llwyn-yr-eos.ceredigion.sch.uk\/cms\/wp-json\/wp\/v2\/comments?post=4274"}],"version-history":[{"count":11,"href":"https:\/\/llwyn-yr-eos.ceredigion.sch.uk\/cms\/wp-json\/wp\/v2\/pages\/4274\/revisions"}],"predecessor-version":[{"id":5928,"href":"https:\/\/llwyn-yr-eos.ceredigion.sch.uk\/cms\/wp-json\/wp\/v2\/pages\/4274\/revisions\/5928"}],"up":[{"embeddable":true,"href":"https:\/\/llwyn-yr-eos.ceredigion.sch.uk\/cms\/wp-json\/wp\/v2\/pages\/1797"}],"wp:attachment":[{"href":"https:\/\/llwyn-yr-eos.ceredigion.sch.uk\/cms\/wp-json\/wp\/v2\/media?parent=4274"}],"curies":[{"name":"wp","href":"https:\/\/api.w.org\/{rel}","templated":true}]}}